{"id":29,"date":"2015-11-27T19:59:00","date_gmt":"2015-11-27T19:59:00","guid":{"rendered":"https:\/\/www.lctbr.com\/?page_id=29"},"modified":"2025-11-28T15:56:38","modified_gmt":"2025-11-28T15:56:38","slug":"qualificacao","status":"publish","type":"page","link":"http:\/\/lctbr.com\/index.php\/qualificacao\/","title":{"rendered":"Qualifica\u00e7\u00e3o"},"content":{"rendered":"<p>A caminho da Certifica\u00e7\u00e3o ISO 9000, padronizamos todas as atividades de todas as \u00e1reas atrav\u00e9s dos Procedimentos Operacionais Padr\u00e3o (POPs).<br \/>\nIsto assegura a execu\u00e7\u00e3o correta e precisa de todas as nossas tarefas, o que garante a exatid\u00e3o das nossas atividades.<\/p>\n<h2>CERTID\u00d5ES E <strong>AUTORIZA\u00c7\u00d5ES<\/strong><\/h2>\n<div id=\"arquivos\"><\/div>\n<div class=\"row\">\n<div class=\"col-md-6 col-sm-6\">\n<h2>5S <strong>HouseKeeping<\/strong><\/h2>\n<p>Implantamos em nossa empresa o programa 5S, t\u00e9cnica de origem japonesa que ensina bons h\u00e1bitos, elimina\u00e7\u00e3o dos desperd\u00edcios e das perdas, com a capacidade de modificar e melhorar o humor, harmonizar o ambiente de trabalho e a maneira de condu\u00e7\u00e3o das atividades de toda nossa equipe.<\/p>\n<p>Os cinco conceitos s\u00e3o: Seiri, Seiton, Seiso, Seiketsu e Shitsuke.<\/p>\n<h3><strong>1. SEIRI<\/strong> &#8211; Senso de Utiliza\u00e7\u00e3o<\/h3>\n<p>Remo\u00e7\u00e3o dos itens desnecess\u00e1rios da \u00e1rea de trabalho.<br \/>\nNossa frase mestra: <strong>\u201cQuando em d\u00favida, elimine.\u201d<\/strong><\/p>\n<h3><strong>2. SEITON<\/strong> &#8211; Senso de Arruma\u00e7\u00e3o<\/h3>\n<p>Disposi\u00e7\u00e3o somente do necess\u00e1rio no ponto de uso.<br \/>\nNossa frase mestra:<strong> \u201cUm lugar para tudo e tudo no seu devido lugar.\u201d<\/strong><\/p>\n<h3><strong>3. SEISO<\/strong> &#8211; Senso de Limpeza<\/h3>\n<p>Sempre praticar a limpeza e eliminar as fontes de sujeira.<br \/>\nNossa frase mestra: <strong>\u201cO ambiente mais limpo \u00e9 aquele que menos se suja.\u201d<\/strong><\/p>\n<h3><strong>4. SEIKETSU<\/strong> &#8211; Senso de Normaliza\u00e7\u00e3o<\/h3>\n<p>Cria\u00e7\u00e3o de uma rotina e de um padr\u00e3o do melhor.<br \/>\nNossa frase mestra: <strong>\u201cOlhar e reconhecer o que precisa ser melhorado.\u201d<\/strong><\/p>\n<h3><strong>5. SHITSUKE<\/strong> &#8211; Senso de Disciplina<\/h3>\n<p>Fazer do 5S um h\u00e1bito.<br \/>\nNossa frase mestra: <strong>\u201cQuanto menos autodisciplina se precisar, melhor ser\u00e1.\u201d<\/strong><\/p>\n<\/div>\n<div class=\"col-md-6 col-sm-6\"><img loading=\"lazy\" class=\"img5s img-responsive\" src=\"https:\/\/www.lctbr.com\/wp-content\/uploads\/2015\/11\/5s-pt.png\" alt=\"5s-pt\" width=\"521\" height=\"525\" \/><\/div>\n<\/div>\n<p><\/p>","protected":false},"excerpt":{"rendered":"<p>A caminho da Certifica\u00e7\u00e3o ISO 9000, padronizamos todas as atividades de todas as \u00e1reas atrav\u00e9s dos Procedimentos Operacionais Padr\u00e3o (POPs). Isto assegura a execu\u00e7\u00e3o correta [&hellip;]<\/p>\n","protected":false},"author":1,"featured_media":0,"parent":0,"menu_order":0,"comment_status":"closed","ping_status":"closed","template":"tpl-qualificacao.php","meta":[],"_links":{"self":[{"href":"http:\/\/lctbr.com\/index.php\/wp-json\/wp\/v2\/pages\/29"}],"collection":[{"href":"http:\/\/lctbr.com\/index.php\/wp-json\/wp\/v2\/pages"}],"about":[{"href":"http:\/\/lctbr.com\/index.php\/wp-json\/wp\/v2\/types\/page"}],"author":[{"embeddable":true,"href":"http:\/\/lctbr.com\/index.php\/wp-json\/wp\/v2\/users\/1"}],"replies":[{"embeddable":true,"href":"http:\/\/lctbr.com\/index.php\/wp-json\/wp\/v2\/comments?post=29"}],"version-history":[{"count":11,"href":"http:\/\/lctbr.com\/index.php\/wp-json\/wp\/v2\/pages\/29\/revisions"}],"predecessor-version":[{"id":170,"href":"http:\/\/lctbr.com\/index.php\/wp-json\/wp\/v2\/pages\/29\/revisions\/170"}],"wp:attachment":[{"href":"http:\/\/lctbr.com\/index.php\/wp-json\/wp\/v2\/media?parent=29"}],"curies":[{"name":"wp","href":"https:\/\/api.w.org\/{rel}","templated":true}]}}