{"id":6,"date":"2015-11-27T18:22:43","date_gmt":"2015-11-27T18:22:43","guid":{"rendered":"https:\/\/www.lctbr.com\/?page_id=6"},"modified":"2023-08-18T18:42:43","modified_gmt":"2023-08-18T18:42:43","slug":"quem-somos","status":"publish","type":"page","link":"http:\/\/lctbr.com\/index.php\/quem-somos\/","title":{"rendered":"Quem Somos"},"content":{"rendered":"<p>Somos uma empresa especializada em Transporte Expresso com foco nas necessidades log\u00edsticas do ambiente de Pesquisa Clinica, Armazenadores de C\u00e9lulas Tronco e Servi\u00e7o de Atendimento ao Consumidor (SAC), para as Ind\u00fastrias Farmac\u00eauticas, C.R.Os, Laborat\u00f3rios de An\u00e1lises Clinicas e Empresas Armazenadoras de C\u00e9lulas Tronco.<\/p>\n<p>\u00c9 nosso compromisso atender de forma personalizada as necessidades desse mercado superando as expectativas dos nossos clientes.<\/p>\n<p>Temos como objetivo principal atingir a excel\u00eancia no atendimento aos nossos clientes, abastecendo-os com informa\u00e7\u00f5es \u00e1geis e precisas.<\/p>\n<p>Para tanto investimos continuamente na capacita\u00e7\u00e3o, treinamento e motiva\u00e7\u00e3o de nossa equipe.<\/p>\n<blockquote><p>\u201cNosso lema \u00e9 construir parcerias s\u00f3lidas e fi\u00e9is com nossos Clientes\u201d<\/p><\/blockquote>\n<p><img loading=\"lazy\" class=\"img-responsive\" src=\"https:\/\/www.lctbr.com\/wp-content\/uploads\/2015\/11\/img-empresa-01.jpg\" alt=\"img-empresa-01\" width=\"539\" height=\"294\" \/><br \/>\n<img loading=\"lazy\" class=\"img-responsive\" src=\"https:\/\/www.lctbr.com\/wp-content\/uploads\/2015\/11\/img-empresa-02.jpg\" alt=\"img-empresa-02\" width=\"539\" height=\"294\" \/><\/p>","protected":false},"excerpt":{"rendered":"<p>Somos uma empresa especializada em Transporte Expresso com foco nas necessidades log\u00edsticas do ambiente de Pesquisa Clinica, Armazenadores de C\u00e9lulas Tronco e Servi\u00e7o de Atendimento [&hellip;]<\/p>\n","protected":false},"author":1,"featured_media":0,"parent":0,"menu_order":0,"comment_status":"closed","ping_status":"closed","template":"tpl-quem-somos.php","meta":[],"_links":{"self":[{"href":"http:\/\/lctbr.com\/index.php\/wp-json\/wp\/v2\/pages\/6"}],"collection":[{"href":"http:\/\/lctbr.com\/index.php\/wp-json\/wp\/v2\/pages"}],"about":[{"href":"http:\/\/lctbr.com\/index.php\/wp-json\/wp\/v2\/types\/page"}],"author":[{"embeddable":true,"href":"http:\/\/lctbr.com\/index.php\/wp-json\/wp\/v2\/users\/1"}],"replies":[{"embeddable":true,"href":"http:\/\/lctbr.com\/index.php\/wp-json\/wp\/v2\/comments?post=6"}],"version-history":[{"count":4,"href":"http:\/\/lctbr.com\/index.php\/wp-json\/wp\/v2\/pages\/6\/revisions"}],"predecessor-version":[{"id":167,"href":"http:\/\/lctbr.com\/index.php\/wp-json\/wp\/v2\/pages\/6\/revisions\/167"}],"wp:attachment":[{"href":"http:\/\/lctbr.com\/index.php\/wp-json\/wp\/v2\/media?parent=6"}],"curies":[{"name":"wp","href":"https:\/\/api.w.org\/{rel}","templated":true}]}}